{"id":2703,"date":"2026-02-16T13:25:01","date_gmt":"2026-02-16T13:25:01","guid":{"rendered":"https:\/\/www.krone-cham.ch\/?page_id=2703"},"modified":"2026-02-16T16:24:21","modified_gmt":"2026-02-16T16:24:21","slug":"job","status":"publish","type":"page","link":"https:\/\/www.krone-cham.ch\/index.php\/job\/","title":{"rendered":"Job Angebot"},"content":{"rendered":"<h1>Angebot<\/h1>\n<h1>Job<\/h1>\n<h1>\n<h2 style=\"font-weight: 400; text-align: center;\">Werde<strong> Teil der Krone-Familie: Alleinkoch (m\/w\/d) 100%<\/strong><\/h2>\n<p style=\"font-weight: 400; text-align: center;\">Das <strong>Gasthaus Krone in Cham<\/strong> steht f\u00fcr authentische italienische K\u00fcche, erstklassige Produkte und eine Atmosph\u00e4re, in der sich G\u00e4ste wie Freunde f\u00fchlen. Von unseren beliebten\u00a0<strong>handgemachten Ravioli<\/strong>\u00a0\u00fcber frische Pastagerichte, unser ber\u00fchmtes <strong>Rindsfilet im Pf\u00e4nnli<\/strong>, bis hin zur geselligen\u00a0<strong>Tavolata<\/strong>\u00a0und unserer knusprigen\u00a0<strong>Pinsa<\/strong>\u00a0\u2013 wir zelebrieren die italienische Lebensart auf h\u00f6chstem Niveau.<\/p>\n<p style=\"font-weight: 400; text-align: center;\">Zur Verst\u00e4rkung unseres kleinen, eingespielten Teams suchen wir nach Vereinbarung einen passionierten\u00a0<strong>Alleinkoch (m\/w\/d)<\/strong>, der mit Erfahrung und Herzblut die Verantwortung in unserer K\u00fcche \u00fcbernimmt.<\/p>\n<\/h1>\n<div>\n<p style=\"font-weight: 400;\"><strong>Das ist dein Verantwortungsbereich:<\/strong><\/p>\n<ul style=\"font-weight: 400;\">\n<li><strong>K\u00fcchenleitung:<\/strong>\u00a0Eigenst\u00e4ndige F\u00fchrung der K\u00fcche und Umsetzung unserer mediterranen Karte.<\/li>\n<li><strong>Teamf\u00fchrung:<\/strong>\u00a0Anleitung und Koordination von 1 bis 2 K\u00fcchenmitarbeiterinnen.<\/li>\n<li><strong>Qualit\u00e4t &amp; Sicherheit:<\/strong>\u00a0Sicherstellung h\u00f6chster Qualit\u00e4t sowie strikte Einhaltung der\u00a0<strong>Hygienestandards (HACCP)<\/strong>\u00a0und der\u00a0<strong>Arbeitssicherheit<\/strong>\u00a0f\u00fcr ein sicheres Umfeld.<\/li>\n<li><strong>Kreativit\u00e4t:<\/strong>\u00a0Mitgestaltung von saisonalen Angeboten und Einbringen eigener Impulse.<\/li>\n<\/ul>\n<p style=\"font-weight: 400;\"><strong>Das bringst du mit:<\/strong><\/p>\n<ul style=\"font-weight: 400;\">\n<li>Abgeschlossene Kochlehre oder langj\u00e4hrige Erfahrung in der italienischen K\u00fcche.<\/li>\n<li><strong>Leidenschaft<\/strong> f\u00fcr das Handwerk, Belastbarkeit und eine saubere Arbeitsweise.<\/li>\n<li><strong>Sauberkeit als Mindset:<\/strong>\u00a0Du pflegst eine strukturierte, hygienische und sichere Arbeitsweise.<\/li>\n<li>Du bist ein echter<strong> Teamplayer<\/strong> und hilfst dort mit, wo es brennt.<\/li>\n<li><strong>Sprachkenntnisse:<\/strong>\u00a0Deutschkenntnisse sind von Vorteil, wir verst\u00e4ndigen uns aber auch sehr gut auf Italienisch oder Spanisch.<\/li>\n<\/ul>\n<p style=\"font-weight: 400;\">\n<p style=\"font-weight: 400;\">\n<p style=\"font-weight: 400;\">\n<p style=\"font-weight: 400;\"><strong>Warum wir dein neuer Lieblings-Arbeitsplatz sind:<\/strong><\/p>\n<p style=\"font-weight: 400;\">Wir wissen, wie hart die Arbeit in der Gastronomie ist. Deshalb bieten wir dir Benefits, die in unserer Branche selten sind:<\/p>\n<ul style=\"font-weight: 400;\">\n<li><strong>P\u00fcnktlicher Feierabend:<\/strong>\u00a0Wir halten unsere\u00a0<strong>K\u00fcchen\u00f6ffnungszeiten strikt ein<\/strong>. Wenn die K\u00fcche schliesst, beginnt dein wohlverdienter Feierabend.<\/li>\n<li><strong>Planbare Freizeit:<\/strong>\u00a0Sonntage und Montage sind garantiert frei.<\/li>\n<li><strong>Viel Erholung:<\/strong>\u00a0Insgesamt 5 Wochen Betriebsferien (Sommer, Herbst &amp; Weihnachten\/Neujahr).<\/li>\n<li><strong>Feiertage sind frei:<\/strong>\u00a0Wir g\u00f6nnen uns Pausen \u2013 inklusive Br\u00fcckentage an Ostern und Auffahrt.<\/li>\n<li><strong>Work-Life-Balance:<\/strong>\u00a0Deine Zimmerstunde kannst du direkt am Zugersee oder im Fitnesscenter verbringen.<\/li>\n<li><strong>Fairness:<\/strong>\u00a0Ein fairer Lohn und ein respektvoller, famili\u00e4rer Umgang auf Augenh\u00f6he.<\/li>\n<\/ul>\n<p style=\"font-weight: 400;\"><strong>Klingt das nach deiner neuen Herausforderung?<\/strong><\/p>\n<p style=\"font-weight: 400;\">Dann freuen wir uns sehr darauf, dich pers\u00f6nlich kennenzulernen!<\/p>\n<p style=\"font-weight: 400;\"><strong>So bewirbst du dich:<\/strong><br \/>Sende uns deine Unterlagen mit Foto per E-Mail an <strong><a href=\"mailto:mail@krone-cham.ch\">mail@krone-cham.ch<\/a><\/strong><\/p>\n<p style=\"font-weight: 400;\">Dein Ansprechpartner ist\u00a0<strong>Rafael Mendoza<\/strong>.<\/p>\n<p style=\"font-weight: 400;\"><strong>Gasthaus Krone<\/strong><br \/>Zugerstrasse 7<br \/>6330 Cham<br \/>www.krone-cham.ch<\/p>\n<\/p>\n<\/div>\n<p><!--more--><br \/>\n<!-- {\"name\":\"Takeaway Vorlage\",\"type\":\"layout\",\"children\":[{\"type\":\"section\",\"props\":{\"header_transparent\":true,\"header_transparent_text_color\":\"light\",\"height\":\"viewport\",\"height_offset_top\":true,\"image\":\"wp-content\\\/uploads\\\/2023\\\/06\\\/IMG_1564-scaled.jpg\",\"image_effect\":\"fixed\",\"image_parallax_bgx\":\"290,-240\",\"image_parallax_bgy\":\"-100,100\",\"image_parallax_easing\":\"0\",\"image_position\":\"center-right\",\"image_size\":\"cover\",\"media_overlay_gradient\":\"linear-gradient(180deg, rgba(0,0,0,0.29173676306460083) 0%, rgba(255,255,255,0) 7%, rgba(255,255,255,0) 97%, rgba(33,33,33,0.3113446062018558) 100%);\",\"overlap\":true,\"padding\":\"none\",\"padding_remove_bottom\":true,\"padding_remove_top\":true,\"style\":\"secondary\",\"title_breakpoint\":\"xl\",\"title_position\":\"top-left\",\"title_rotation\":\"left\",\"vertical_align\":\"bottom\",\"width\":\"\"},\"children\":[{\"type\":\"row\",\"props\":{\"column_gap\":\"collapse\",\"margin_remove_bottom\":true,\"margin_remove_top\":true,\"row_gap\":\"collapse\"},\"children\":[{\"type\":\"column\",\"props\":{\"image_position\":\"center-center\",\"position_sticky_breakpoint\":\"m\",\"vertical_align\":\"bottom\",\"width_medium\":\"1-1\"},\"children\":[{\"type\":\"headline\",\"props\":{\"content\":\"Angebot\",\"margin_remove_bottom\":false,\"margin_remove_top\":false,\"text_align\":\"center\",\"title_element\":\"h1\",\"title_font_family\":\"default\",\"title_style\":\"h1\"}},{\"type\":\"headline\",\"props\":{\"content\":\"Job\",\"margin_remove_bottom\":false,\"position\":\"relative\",\"position_bottom\":\"-50\",\"text_align\":\"center\",\"title_color\":\"primary\",\"title_element\":\"h1\",\"title_font_family\":\"tertiary\",\"title_style\":\"h2\"}}]}]}],\"name\":\"Header\"},{\"type\":\"section\",\"props\":{\"image_position\":\"center-center\",\"style\":\"default\",\"title_breakpoint\":\"xl\",\"title_position\":\"top-left\",\"title_rotation\":\"left\",\"vertical_align\":\"\",\"width\":\"large\"},\"children\":[{\"type\":\"row\",\"children\":[{\"type\":\"column\",\"props\":{\"image_position\":\"center-center\",\"position_sticky_breakpoint\":\"m\",\"width_medium\":\"1-2\"},\"children\":[{\"type\":\"headline\",\"props\":{\"content\":\"\n\n<h2 style=\\\"font-weight: 400; text-align: center;\\\">Werde<strong> Teil der Krone-Familie: Alleinkoch (m\\\/w\\\/d) 100%<\\\/strong><\\\/h2>\\n\n\n<p style=\\\"font-weight: 400; text-align: center;\\\">Das <strong>Gasthaus Krone in Cham<\\\/strong> steht f\\u00fcr authentische italienische K\\u00fcche, erstklassige Produkte und eine Atmosph\\u00e4re, in der sich G\\u00e4ste wie Freunde f\\u00fchlen. Von unseren beliebten\\u00a0<strong>handgemachten Ravioli<\\\/strong>\\u00a0\\u00fcber frische Pastagerichte, unser ber\\u00fchmtes <strong>Rindsfilet im Pf\\u00e4nnli<\\\/strong>, bis hin zur geselligen\\u00a0<strong>Tavolata<\\\/strong>\\u00a0und unserer knusprigen\\u00a0<strong>Pinsa<\\\/strong>\\u00a0\\u2013 wir zelebrieren die italienische Lebensart auf h\\u00f6chstem Niveau.<\\\/p>\\n\n\n<p style=\\\"font-weight: 400; text-align: center;\\\">Zur Verst\\u00e4rkung unseres kleinen, eingespielten Teams suchen wir nach Vereinbarung einen passionierten\\u00a0<strong>Alleinkoch (m\\\/w\\\/d)<\\\/strong>, der mit Erfahrung und Herzblut die Verantwortung in unserer K\\u00fcche \\u00fcbernimmt.<\\\/p>\",\"title_element\":\"h1\",\"title_font_family\":\"default\",\"title_style\":\"h3\"}},{\"type\":\"text\",\"props\":{\"column_breakpoint\":\"m\",\"content\":\"\n\n<p style=\\\"font-weight: 400;\\\"><strong>Das ist dein Verantwortungsbereich:<\\\/strong><\\\/p>\\n\n\n<ul style=\\\"font-weight: 400;\\\">\\n\n\n<li><strong>K\\u00fcchenleitung:<\\\/strong>\\u00a0Eigenst\\u00e4ndige F\\u00fchrung der K\\u00fcche und Umsetzung unserer mediterranen Karte.<\\\/li>\\n\n\n<li><strong>Teamf\\u00fchrung:<\\\/strong>\\u00a0Anleitung und Koordination von 1 bis 2 K\\u00fcchenmitarbeiterinnen.<\\\/li>\\n\n\n<li><strong>Qualit\\u00e4t &amp; Sicherheit:<\\\/strong>\\u00a0Sicherstellung h\\u00f6chster Qualit\\u00e4t sowie strikte Einhaltung der\\u00a0<strong>Hygienestandards (HACCP)<\\\/strong>\\u00a0und der\\u00a0<strong>Arbeitssicherheit<\\\/strong>\\u00a0f\\u00fcr ein sicheres Umfeld.<\\\/li>\\n\n\n<li><strong>Kreativit\\u00e4t:<\\\/strong>\\u00a0Mitgestaltung von saisonalen Angeboten und Einbringen eigener Impulse.<\\\/li>\\n<\\\/ul>\\n\n\n<p style=\\\"font-weight: 400;\\\"><strong>Das bringst du mit:<\\\/strong><\\\/p>\\n\n\n<ul style=\\\"font-weight: 400;\\\">\\n\n\n<li>Abgeschlossene Kochlehre oder langj\\u00e4hrige Erfahrung in der italienischen K\\u00fcche.<\\\/li>\\n\n\n<li><strong>Leidenschaft<\\\/strong> f\\u00fcr das Handwerk, Belastbarkeit und eine saubere Arbeitsweise.<\\\/li>\\n\n\n<li><strong>Sauberkeit als Mindset:<\\\/strong>\\u00a0Du pflegst eine strukturierte, hygienische und sichere Arbeitsweise.<\\\/li>\\n\n\n<li>Du bist ein echter<strong> Teamplayer<\\\/strong> und hilfst dort mit, wo es brennt.<\\\/li>\\n\n\n<li><strong>Sprachkenntnisse:<\\\/strong>\\u00a0Deutschkenntnisse sind von Vorteil, wir verst\\u00e4ndigen uns aber auch sehr gut auf Italienisch oder Spanisch.<\\\/li>\\n<\\\/ul>\\n\n\n<p style=\\\"font-weight: 400;\\\"><\\\/p>\\n\n\n<p style=\\\"font-weight: 400;\\\"><\\\/p>\\n\n\n<p style=\\\"font-weight: 400;\\\"><\\\/p>\\n\n\n<p style=\\\"font-weight: 400;\\\"><strong>Warum wir dein neuer Lieblings-Arbeitsplatz sind:<\\\/strong><\\\/p>\\n\n\n<p style=\\\"font-weight: 400;\\\">Wir wissen, wie hart die Arbeit in der Gastronomie ist. Deshalb bieten wir dir Benefits, die in unserer Branche selten sind:<\\\/p>\\n\n\n<ul style=\\\"font-weight: 400;\\\">\\n\n\n<li><strong>P\\u00fcnktlicher Feierabend:<\\\/strong>\\u00a0Wir halten unsere\\u00a0<strong>K\\u00fcchen\\u00f6ffnungszeiten strikt ein<\\\/strong>. Wenn die K\\u00fcche schliesst, beginnt dein wohlverdienter Feierabend.<\\\/li>\\n\n\n<li><strong>Planbare Freizeit:<\\\/strong>\\u00a0Sonntage und Montage sind garantiert frei.<\\\/li>\\n\n\n<li><strong>Viel Erholung:<\\\/strong>\\u00a0Insgesamt 5 Wochen Betriebsferien (Sommer, Herbst &amp; Weihnachten\\\/Neujahr).<\\\/li>\\n\n\n<li><strong>Feiertage sind frei:<\\\/strong>\\u00a0Wir g\\u00f6nnen uns Pausen \\u2013 inklusive Br\\u00fcckentage an Ostern und Auffahrt.<\\\/li>\\n\n\n<li><strong>Work-Life-Balance:<\\\/strong>\\u00a0Deine Zimmerstunde kannst du direkt am Zugersee oder im Fitnesscenter verbringen.<\\\/li>\\n\n\n<li><strong>Fairness:<\\\/strong>\\u00a0Ein fairer Lohn und ein respektvoller, famili\\u00e4rer Umgang auf Augenh\\u00f6he.<\\\/li>\\n<\\\/ul>\\n\n\n<p style=\\\"font-weight: 400;\\\"><strong>Klingt das nach deiner neuen Herausforderung?<\\\/strong><\\\/p>\\n\n\n<p style=\\\"font-weight: 400;\\\">Dann freuen wir uns sehr darauf, dich pers\\u00f6nlich kennenzulernen!<\\\/p>\\n\n\n<p style=\\\"font-weight: 400;\\\"><strong>So bewirbst du dich:<\\\/strong><br \\\/>Sende uns deine Unterlagen mit Foto per E-Mail an <strong><a href=\\\"mailto:mail@krone-cham.ch\\\">mail@krone-cham.ch<\\\/a><\\\/strong><\\\/p>\\n\n\n<p style=\\\"font-weight: 400;\\\">Dein Ansprechpartner ist\\u00a0<strong>Rafael Mendoza<\\\/strong>.<\\\/p>\\n\n\n<p style=\\\"font-weight: 400;\\\"><strong>Gasthaus Krone<\\\/strong><br \\\/>Zugerstrasse 7<br \\\/>6330 Cham<br \\\/>www.krone-cham.ch<\\\/p>\\n\n\n<p><\\\/p>\",\"margin\":\"default\"}}]},{\"type\":\"column\",\"props\":{\"image_position\":\"center-center\",\"position_sticky_breakpoint\":\"m\",\"width_medium\":\"1-2\"}}],\"props\":{\"layout\":\"1-2,1-2\"}}]},{\"type\":\"section\",\"props\":{\"image_position\":\"center-center\",\"style\":\"default\",\"title_breakpoint\":\"xl\",\"title_position\":\"top-left\",\"title_rotation\":\"left\",\"vertical_align\":\"middle\",\"width\":\"default\"},\"children\":[{\"type\":\"row\",\"children\":[{\"type\":\"column\",\"props\":{\"image_position\":\"center-center\",\"position_sticky_breakpoint\":\"m\"}}]}]}],\"version\":\"4.5.33\"} --><\/p>\n","protected":false},"excerpt":{"rendered":"<p>Angebot Job Werde Teil der Krone-Familie: Alleinkoch (m\/w\/d) 100% Das Gasthaus Krone in Cham steht f\u00fcr authentische italienische K\u00fcche, erstklassige Produkte und eine Atmosph\u00e4re, in der sich G\u00e4ste wie Freunde f\u00fchlen. Von unseren beliebten\u00a0handgemachten Ravioli\u00a0\u00fcber frische Pastagerichte, unser ber\u00fchmtes Rindsfilet im Pf\u00e4nnli, bis hin zur geselligen\u00a0Tavolata\u00a0und unserer knusprigen\u00a0Pinsa\u00a0\u2013 wir zelebrieren die italienische Lebensart auf h\u00f6chstem [&hellip;]<\/p>\n","protected":false},"author":2,"featured_media":0,"parent":0,"menu_order":0,"comment_status":"closed","ping_status":"closed","template":"","meta":{"footnotes":""},"class_list":["post-2703","page","type-page","status-publish","hentry"],"yoast_head":"<!-- This site is optimized with the Yoast SEO plugin v27.3 - https:\/\/yoast.com\/product\/yoast-seo-wordpress\/ -->\n<title>Job Angebot - Gasthaus Krone | italienisches Restaurant in Cham ganz in der N\u00e4he von Zug.<\/title>\n<meta name=\"robots\" content=\"index, follow, max-snippet:-1, max-image-preview:large, max-video-preview:-1\" \/>\n<link rel=\"canonical\" href=\"https:\/\/www.krone-cham.ch\/index.php\/job\/\" \/>\n<meta property=\"og:locale\" content=\"de_DE\" \/>\n<meta property=\"og:type\" content=\"article\" \/>\n<meta property=\"og:title\" content=\"Job Angebot - Gasthaus Krone | italienisches Restaurant in Cham ganz in der N\u00e4he von Zug.\" \/>\n<meta property=\"og:description\" content=\"Angebot Job Werde Teil der Krone-Familie: Alleinkoch (m\/w\/d) 100% Das Gasthaus Krone in Cham steht f\u00fcr authentische italienische K\u00fcche, erstklassige Produkte und eine Atmosph\u00e4re, in der sich G\u00e4ste wie Freunde f\u00fchlen. Von unseren beliebten\u00a0handgemachten Ravioli\u00a0\u00fcber frische Pastagerichte, unser ber\u00fchmtes Rindsfilet im Pf\u00e4nnli, bis hin zur geselligen\u00a0Tavolata\u00a0und unserer knusprigen\u00a0Pinsa\u00a0\u2013 wir zelebrieren die italienische Lebensart auf h\u00f6chstem [&hellip;]\" \/>\n<meta property=\"og:url\" content=\"https:\/\/www.krone-cham.ch\/index.php\/job\/\" \/>\n<meta property=\"og:site_name\" content=\"Gasthaus Krone | italienisches Restaurant in Cham ganz in der N\u00e4he von Zug.\" \/>\n<meta property=\"article:modified_time\" content=\"2026-02-16T16:24:21+00:00\" \/>\n<meta name=\"twitter:card\" content=\"summary_large_image\" \/>\n<meta name=\"twitter:label1\" content=\"Gesch\u00e4tzte Lesezeit\" \/>\n\t<meta name=\"twitter:data1\" content=\"2\u00a0Minuten\" \/>\n<script type=\"application\/ld+json\" class=\"yoast-schema-graph\">{\"@context\":\"https:\\\/\\\/schema.org\",\"@graph\":[{\"@type\":\"WebPage\",\"@id\":\"https:\\\/\\\/www.krone-cham.ch\\\/index.php\\\/job\\\/\",\"url\":\"https:\\\/\\\/www.krone-cham.ch\\\/index.php\\\/job\\\/\",\"name\":\"Job Angebot - Gasthaus Krone | italienisches Restaurant in Cham ganz in der N\u00e4he von Zug.\",\"isPartOf\":{\"@id\":\"https:\\\/\\\/www.krone-cham.ch\\\/#website\"},\"datePublished\":\"2026-02-16T13:25:01+00:00\",\"dateModified\":\"2026-02-16T16:24:21+00:00\",\"breadcrumb\":{\"@id\":\"https:\\\/\\\/www.krone-cham.ch\\\/index.php\\\/job\\\/#breadcrumb\"},\"inLanguage\":\"de-CH\",\"potentialAction\":[{\"@type\":\"ReadAction\",\"target\":[\"https:\\\/\\\/www.krone-cham.ch\\\/index.php\\\/job\\\/\"]}]},{\"@type\":\"BreadcrumbList\",\"@id\":\"https:\\\/\\\/www.krone-cham.ch\\\/index.php\\\/job\\\/#breadcrumb\",\"itemListElement\":[{\"@type\":\"ListItem\",\"position\":1,\"name\":\"Home\",\"item\":\"https:\\\/\\\/www.krone-cham.ch\\\/\"},{\"@type\":\"ListItem\",\"position\":2,\"name\":\"Job Angebot\"}]},{\"@type\":\"WebSite\",\"@id\":\"https:\\\/\\\/www.krone-cham.ch\\\/#website\",\"url\":\"https:\\\/\\\/www.krone-cham.ch\\\/\",\"name\":\"Gasthaus Krone | italienisches Restaurant in Cham ganz in der N\u00e4he von Zug.\",\"description\":\"Italienischer Genuss f\u00fcr Ihren Businesslunch, romantische Abende oder Familientreffen.\",\"potentialAction\":[{\"@type\":\"SearchAction\",\"target\":{\"@type\":\"EntryPoint\",\"urlTemplate\":\"https:\\\/\\\/www.krone-cham.ch\\\/?s={search_term_string}\"},\"query-input\":{\"@type\":\"PropertyValueSpecification\",\"valueRequired\":true,\"valueName\":\"search_term_string\"}}],\"inLanguage\":\"de-CH\"}]}<\/script>\n<!-- \/ Yoast SEO plugin. -->","yoast_head_json":{"title":"Job Angebot - Gasthaus Krone | italienisches Restaurant in Cham ganz in der N\u00e4he von Zug.","robots":{"index":"index","follow":"follow","max-snippet":"max-snippet:-1","max-image-preview":"max-image-preview:large","max-video-preview":"max-video-preview:-1"},"canonical":"https:\/\/www.krone-cham.ch\/index.php\/job\/","og_locale":"de_DE","og_type":"article","og_title":"Job Angebot - Gasthaus Krone | italienisches Restaurant in Cham ganz in der N\u00e4he von Zug.","og_description":"Angebot Job Werde Teil der Krone-Familie: Alleinkoch (m\/w\/d) 100% Das Gasthaus Krone in Cham steht f\u00fcr authentische italienische K\u00fcche, erstklassige Produkte und eine Atmosph\u00e4re, in der sich G\u00e4ste wie Freunde f\u00fchlen. Von unseren beliebten\u00a0handgemachten Ravioli\u00a0\u00fcber frische Pastagerichte, unser ber\u00fchmtes Rindsfilet im Pf\u00e4nnli, bis hin zur geselligen\u00a0Tavolata\u00a0und unserer knusprigen\u00a0Pinsa\u00a0\u2013 wir zelebrieren die italienische Lebensart auf h\u00f6chstem [&hellip;]","og_url":"https:\/\/www.krone-cham.ch\/index.php\/job\/","og_site_name":"Gasthaus Krone | italienisches Restaurant in Cham ganz in der N\u00e4he von Zug.","article_modified_time":"2026-02-16T16:24:21+00:00","twitter_card":"summary_large_image","twitter_misc":{"Gesch\u00e4tzte Lesezeit":"2\u00a0Minuten"},"schema":{"@context":"https:\/\/schema.org","@graph":[{"@type":"WebPage","@id":"https:\/\/www.krone-cham.ch\/index.php\/job\/","url":"https:\/\/www.krone-cham.ch\/index.php\/job\/","name":"Job Angebot - Gasthaus Krone | italienisches Restaurant in Cham ganz in der N\u00e4he von Zug.","isPartOf":{"@id":"https:\/\/www.krone-cham.ch\/#website"},"datePublished":"2026-02-16T13:25:01+00:00","dateModified":"2026-02-16T16:24:21+00:00","breadcrumb":{"@id":"https:\/\/www.krone-cham.ch\/index.php\/job\/#breadcrumb"},"inLanguage":"de-CH","potentialAction":[{"@type":"ReadAction","target":["https:\/\/www.krone-cham.ch\/index.php\/job\/"]}]},{"@type":"BreadcrumbList","@id":"https:\/\/www.krone-cham.ch\/index.php\/job\/#breadcrumb","itemListElement":[{"@type":"ListItem","position":1,"name":"Home","item":"https:\/\/www.krone-cham.ch\/"},{"@type":"ListItem","position":2,"name":"Job Angebot"}]},{"@type":"WebSite","@id":"https:\/\/www.krone-cham.ch\/#website","url":"https:\/\/www.krone-cham.ch\/","name":"Gasthaus Krone | italienisches Restaurant in Cham ganz in der N\u00e4he von Zug.","description":"Italienischer Genuss f\u00fcr Ihren Businesslunch, romantische Abende oder Familientreffen.","potentialAction":[{"@type":"SearchAction","target":{"@type":"EntryPoint","urlTemplate":"https:\/\/www.krone-cham.ch\/?s={search_term_string}"},"query-input":{"@type":"PropertyValueSpecification","valueRequired":true,"valueName":"search_term_string"}}],"inLanguage":"de-CH"}]}},"_links":{"self":[{"href":"https:\/\/www.krone-cham.ch\/index.php\/wp-json\/wp\/v2\/pages\/2703","targetHints":{"allow":["GET"]}}],"collection":[{"href":"https:\/\/www.krone-cham.ch\/index.php\/wp-json\/wp\/v2\/pages"}],"about":[{"href":"https:\/\/www.krone-cham.ch\/index.php\/wp-json\/wp\/v2\/types\/page"}],"author":[{"embeddable":true,"href":"https:\/\/www.krone-cham.ch\/index.php\/wp-json\/wp\/v2\/users\/2"}],"replies":[{"embeddable":true,"href":"https:\/\/www.krone-cham.ch\/index.php\/wp-json\/wp\/v2\/comments?post=2703"}],"version-history":[{"count":7,"href":"https:\/\/www.krone-cham.ch\/index.php\/wp-json\/wp\/v2\/pages\/2703\/revisions"}],"predecessor-version":[{"id":2717,"href":"https:\/\/www.krone-cham.ch\/index.php\/wp-json\/wp\/v2\/pages\/2703\/revisions\/2717"}],"wp:attachment":[{"href":"https:\/\/www.krone-cham.ch\/index.php\/wp-json\/wp\/v2\/media?parent=2703"}],"curies":[{"name":"wp","href":"https:\/\/api.w.org\/{rel}","templated":true}]}}