{"id":2145,"date":"2021-04-16T07:47:24","date_gmt":"2021-04-16T07:47:24","guid":{"rendered":"https:\/\/www.krone-cham.ch\/?page_id=2145"},"modified":"2026-05-02T07:56:54","modified_gmt":"2026-05-02T07:56:54","slug":"reservierung","status":"publish","type":"page","link":"https:\/\/www.krone-cham.ch\/index.php\/reservierung\/","title":{"rendered":"reservierung"},"content":{"rendered":"<h1>Reservieren<\/h1>\n<h1>Tisch<\/h1>\n<h1><strong>Gruppenreservationen:<\/strong><\/h1>\n<div>\n<p>Aus Kapazit\u00e4tsgr\u00fcnden sind Gruppenreservationen nur limitiert m\u00f6glich:<\/p>\n<ul>\n<li>Dienstag, Mittwoch und Donnerstag bis max. 12 Personen<\/li>\n<li>Freitag und Samstag bis max. 10 Personen<\/li>\n<li>Men\u00fcvorbestellung ab 10 Personen zwingend<\/li>\n<\/ul>\n<p>Besten Dank f\u00fcr Ihr Verst\u00e4ndnis.<\/p>\n<\/p>\n<\/p>\n<\/div>\n<h1><strong>Hunde-Regeln:<\/strong><\/h1>\n<div>\n<p class=\"MsoNormal\" style=\"margin: 0cm; font-size: 10pt; font-family: Aptos, sans-serif; caret-color: #000000; color: #000000;\"><span style=\"font-size: 11pt;\">Aufgrund unserer Platzkapazit\u00e4t und Infrastruktur sind nur kleinere Hunde erlaubt, die unter dem Tisch liegen k\u00f6nnen.<o:p><\/o:p><\/span><\/p>\n<p class=\"MsoNormal\" style=\"margin: 0cm; font-size: 10pt; font-family: Aptos, sans-serif; caret-color: #000000; color: #000000;\"><span style=\"font-size: 11pt;\">In unserem Restaurant gelten folgende <strong>Hunderegeln:<\/strong><o:p><\/o:p><\/span><\/p>\n<p class=\"MsoNormal\" style=\"margin: 0cm; font-size: 10pt; font-family: Aptos, sans-serif; caret-color: #000000; color: #000000;\">\n<\/div>\n<div>\n<ul>\n<li style=\"font-weight: 400;\">Hunde bis zu 40 cm Gesamth\u00f6he sind erlaubt<\/li>\n<li style=\"font-weight: 400;\">Bei der Reservation muss das Mitnehmen eines Hundes vorg\u00e4ngig mitgeteilt werden, nur so k\u00f6nnen wir einen geeigneten Tisch reservieren<\/li>\n<li style=\"font-weight: 400;\">Der Hund wird angeleint und unter dem Tisch so platziert, dass er den anderen G\u00e4sten und dem Servicepersonal nicht im Weg liegt und niemand auf ihn treten kann.<\/li>\n<li style=\"font-weight: 400;\">Zudem wird darauf geachtet, dass der Hund trocken und sauber ist und niemand durch den Geruch oder das Bellen des Hundes bel\u00e4stigt wird<\/li>\n<li style=\"font-weight: 400;\">Sind Kinder im Restaurant anwesend, werden sowohl die Kinder als auch der Hund jederzeit im Blick behalten<\/li>\n<li style=\"font-weight: 400;\">Der Hund befindet sich jederzeit unter Kontrolle<\/li>\n<\/ul>\n<p style=\"font-weight: 400;\">Wir bitten Sie um Verst\u00e4ndnis<\/p>\n<\/div>\n<h1><strong>Feiertage &amp; Betriebsferien:<\/strong><\/h1>\n<div>\n<ul>\n<li>02.05.2026 Samstagmittag geschlossen<\/li>\n<li>14.05.2026 &#8211; 18.05.2026 (Auffahrt)<\/li>\n<li>04.06.2026 &#8211; 08.06.2026 (Fronleichnam)<\/li>\n<li>17.07.2026 &#8211; 03.08.2026 (Sommerferien)<\/li>\n<\/ul>\n<\/div>\n<p><p>\n        <a href=\"https:\/\/foratable.com\/reserve\/restaurant\/7bdea82d36d0d7cae7f538ec8d790de9\/#\/table\">Tisch reservieren<\/a>\n    <\/p>\n<\/p>\n<p><!--more--><br \/>\n<!-- {\"name\":\"Takeaway Vorlage\",\"type\":\"layout\",\"children\":[{\"type\":\"section\",\"props\":{\"header_transparent\":true,\"header_transparent_text_color\":\"light\",\"height\":\"viewport\",\"height_offset_top\":true,\"image\":\"wp-content\\\/uploads\\\/2021\\\/04\\\/Innen3-Kopie-1-scaled.jpg\",\"image_effect\":\"fixed\",\"image_parallax_bgx\":\"0,0\",\"image_parallax_bgy\":\"-100,100\",\"image_parallax_easing\":\"0\",\"image_position\":\"top-center\",\"image_size\":\"cover\",\"media_overlay_gradient\":\"linear-gradient(180deg, rgba(0,0,0,0.29173676306460083) 0%, rgba(255,255,255,0) 7%, rgba(255,255,255,0) 97%, rgba(33,33,33,0.3113446062018558) 100%);\",\"overlap\":true,\"padding\":\"none\",\"padding_remove_bottom\":true,\"padding_remove_top\":true,\"style\":\"secondary\",\"title_breakpoint\":\"xl\",\"title_position\":\"top-left\",\"title_rotation\":\"left\",\"vertical_align\":\"bottom\",\"width\":\"\"},\"children\":[{\"type\":\"row\",\"props\":{\"column_gap\":\"collapse\",\"margin_remove_bottom\":true,\"margin_remove_top\":true,\"row_gap\":\"collapse\"},\"children\":[{\"type\":\"column\",\"props\":{\"image_position\":\"center-center\",\"position_sticky_breakpoint\":\"m\",\"vertical_align\":\"bottom\",\"width_medium\":\"1-1\"},\"children\":[{\"type\":\"headline\",\"props\":{\"content\":\"Reservieren\",\"margin_remove_bottom\":false,\"margin_remove_top\":false,\"text_align\":\"center\",\"title_element\":\"h1\",\"title_font_family\":\"default\",\"title_style\":\"h1\"}},{\"type\":\"headline\",\"props\":{\"content\":\"Tisch\",\"margin_remove_bottom\":false,\"position\":\"relative\",\"position_bottom\":\"-50\",\"text_align\":\"center\",\"title_color\":\"primary\",\"title_element\":\"h1\",\"title_font_family\":\"tertiary\",\"title_style\":\"h2\"}}]}]}],\"name\":\"Header\"},{\"type\":\"section\",\"props\":{\"image_position\":\"center-center\",\"style\":\"default\",\"title_breakpoint\":\"xl\",\"title_position\":\"top-left\",\"title_rotation\":\"left\",\"vertical_align\":\"\",\"width\":\"large\"},\"children\":[{\"type\":\"row\",\"children\":[{\"type\":\"column\",\"props\":{\"image_position\":\"center-center\",\"position_sticky_breakpoint\":\"m\",\"width_medium\":\"1-1\"},\"children\":[{\"type\":\"text\",\"props\":{\"column_breakpoint\":\"m\",\"content\":\"\",\"margin\":\"default\"}},{\"type\":\"headline\",\"props\":{\"content\":\"<strong>Gruppenreservationen:<\\\/strong>\",\"title_element\":\"h1\",\"title_font_family\":\"default\",\"title_style\":\"h3\"}}]}]},{\"type\":\"row\",\"children\":[{\"type\":\"column\",\"props\":{\"image_position\":\"center-center\",\"position_sticky_breakpoint\":\"m\"},\"children\":[{\"type\":\"text\",\"props\":{\"column_breakpoint\":\"m\",\"content\":\"\n\n<p>Aus Kapazit\\u00e4tsgr\\u00fcnden sind Gruppenreservationen nur limitiert m\\u00f6glich:<\\\/p>\\n\n\n<ul>\\n\n\n<li>Dienstag, Mittwoch und Donnerstag bis max. 12 Personen<\\\/li>\\n\n\n<li>Freitag und Samstag bis max. 10 Personen<\\\/li>\\n\n\n<li>Men\\u00fcvorbestellung ab 10 Personen zwingend<\\\/li>\\n<\\\/ul>\\n\n\n<p>Besten Dank f\\u00fcr Ihr Verst\\u00e4ndnis.<\\\/p>\\n\n\n<p><\\\/p>\\n\n\n<p><\\\/p>\\n\n\n<p><\\\/p>\",\"margin\":\"default\"}},{\"type\":\"headline\",\"props\":{\"content\":\"<strong>Hunde-Regeln:<\\\/strong>\",\"title_element\":\"h1\",\"title_font_family\":\"default\",\"title_style\":\"h3\"}}]}]},{\"type\":\"row\",\"children\":[{\"type\":\"column\",\"props\":{\"image_position\":\"center-center\",\"position_sticky_breakpoint\":\"m\",\"width_medium\":\"1-1\"},\"children\":[{\"type\":\"text\",\"props\":{\"column_breakpoint\":\"m\",\"content\":\"\n\n<p class=\\\"MsoNormal\\\" style=\\\"margin: 0cm; font-size: 10pt; font-family: Aptos, sans-serif; caret-color: #000000; color: #000000;\\\"><span style=\\\"font-size: 11pt;\\\">Aufgrund unserer Platzkapazit\\u00e4t und Infrastruktur sind nur kleinere Hunde erlaubt, die unter dem Tisch liegen k\\u00f6nnen.<o:p><\\\/o:p><\\\/span><\\\/p>\\n\n\n<p class=\\\"MsoNormal\\\" style=\\\"margin: 0cm; font-size: 10pt; font-family: Aptos, sans-serif; caret-color: #000000; color: #000000;\\\"><span style=\\\"font-size: 11pt;\\\">In unserem Restaurant gelten folgende <strong>Hunderegeln:<\\\/strong><o:p><\\\/o:p><\\\/span><\\\/p>\\n\n\n<p class=\\\"MsoNormal\\\" style=\\\"margin: 0cm; font-size: 10pt; font-family: Aptos, sans-serif; caret-color: #000000; color: #000000;\\\"><\\\/p>\",\"margin\":\"default\"}},{\"type\":\"text\",\"props\":{\"column_breakpoint\":\"m\",\"content\":\"\n\n<ul>\\n\n\n<li style=\\\"font-weight: 400;\\\">Hunde bis zu 40 cm Gesamth\\u00f6he sind erlaubt<\\\/li>\\n\n\n<li style=\\\"font-weight: 400;\\\">Bei der Reservation muss das Mitnehmen eines Hundes vorg\\u00e4ngig mitgeteilt werden, nur so k\\u00f6nnen wir einen geeigneten Tisch reservieren<\\\/li>\\n\n\n<li style=\\\"font-weight: 400;\\\">Der Hund wird angeleint und unter dem Tisch so platziert, dass er den anderen G\\u00e4sten und dem Servicepersonal nicht im Weg liegt und niemand auf ihn treten kann.<\\\/li>\\n\n\n<li style=\\\"font-weight: 400;\\\">Zudem wird darauf geachtet, dass der Hund trocken und sauber ist und niemand durch den Geruch oder das Bellen des Hundes bel\\u00e4stigt wird<\\\/li>\\n\n\n<li style=\\\"font-weight: 400;\\\">Sind Kinder im Restaurant anwesend, werden sowohl die Kinder als auch der Hund jederzeit im Blick behalten<\\\/li>\\n\n\n<li style=\\\"font-weight: 400;\\\">Der Hund befindet sich jederzeit unter Kontrolle<\\\/li>\\n<\\\/ul>\\n\n\n<p style=\\\"font-weight: 400;\\\">Wir bitten Sie um Verst\\u00e4ndnis<\\\/p>\",\"margin\":\"default\"}},{\"type\":\"headline\",\"props\":{\"content\":\"<strong>Feiertage &amp; Betriebsferien:<\\\/strong>\",\"title_element\":\"h1\",\"title_font_family\":\"default\",\"title_style\":\"h3\"}},{\"type\":\"text\",\"props\":{\"column_breakpoint\":\"m\",\"content\":\"\n\n<ul>\\n\n\n<li>02.05.2026 Samstagmittag geschlossen<\\\/li>\\n\n\n<li>14.05.2026 - 18.05.2026 (Auffahrt)<\\\/li>\\n\n\n<li>04.06.2026 - 08.06.2026 (Fronleichnam)<\\\/li>\\n\n\n<li>17.07.2026 - 03.08.2026 (Sommerferien)<\\\/li>\\n<\\\/ul>\\n\n\n<p><\\\/p>\",\"margin\":\"default\"}},{\"type\":\"button\",\"props\":{\"grid_column_gap\":\"small\",\"grid_row_gap\":\"small\",\"margin\":\"default\"},\"children\":[{\"type\":\"button_item\",\"props\":{\"button_style\":\"default\",\"content\":\"Tisch reservieren\",\"dialog_layout\":\"modal\",\"dialog_offcanvas_flip\":true,\"icon_align\":\"left\",\"image_height\":\"800\",\"image_width\":\"500\",\"link\":\"https:\\\/\\\/foratable.com\\\/reserve\\\/restaurant\\\/7bdea82d36d0d7cae7f538ec8d790de9\\\/#\\\/table\",\"link_target\":\"blank\"}}],\"modified\":\"2021-04-16T08:16:18.209Z\",\"name\":\"Reservationsbutton\"}]}]},{\"type\":\"row\",\"children\":[{\"type\":\"column\",\"props\":{\"image_position\":\"center-center\",\"position_sticky_breakpoint\":\"m\",\"width_medium\":\"1-1\"}}]}]}],\"version\":\"4.5.33\"} --><\/p>\n","protected":false},"excerpt":{"rendered":"<p>Reservieren Tisch Gruppenreservationen: Aus Kapazit\u00e4tsgr\u00fcnden sind Gruppenreservationen nur limitiert m\u00f6glich: Dienstag, Mittwoch und Donnerstag bis max. 12 Personen Freitag und Samstag bis max. 10 Personen Men\u00fcvorbestellung ab 10 Personen zwingend Besten Dank f\u00fcr Ihr Verst\u00e4ndnis. Hunde-Regeln: Aufgrund unserer Platzkapazit\u00e4t und Infrastruktur sind nur kleinere Hunde erlaubt, die unter dem Tisch liegen k\u00f6nnen. In unserem Restaurant [&hellip;]<\/p>\n","protected":false},"author":1,"featured_media":0,"parent":0,"menu_order":0,"comment_status":"closed","ping_status":"closed","template":"","meta":{"footnotes":""},"class_list":["post-2145","page","type-page","status-publish","hentry"],"yoast_head":"<!-- This site is optimized with the Yoast SEO plugin v27.4 - https:\/\/yoast.com\/product\/yoast-seo-wordpress\/ -->\n<title>reservierung - Gasthaus Krone | italienisches Restaurant in Cham ganz in der N\u00e4he von Zug.<\/title>\n<meta name=\"robots\" content=\"index, follow, max-snippet:-1, max-image-preview:large, max-video-preview:-1\" \/>\n<link rel=\"canonical\" href=\"https:\/\/www.krone-cham.ch\/index.php\/reservierung\/\" \/>\n<meta property=\"og:locale\" content=\"de_DE\" \/>\n<meta property=\"og:type\" content=\"article\" \/>\n<meta property=\"og:title\" content=\"reservierung - Gasthaus Krone | italienisches Restaurant in Cham ganz in der N\u00e4he von Zug.\" \/>\n<meta property=\"og:description\" content=\"Reservieren Tisch Gruppenreservationen: Aus Kapazit\u00e4tsgr\u00fcnden sind Gruppenreservationen nur limitiert m\u00f6glich: Dienstag, Mittwoch und Donnerstag bis max. 12 Personen Freitag und Samstag bis max. 10 Personen Men\u00fcvorbestellung ab 10 Personen zwingend Besten Dank f\u00fcr Ihr Verst\u00e4ndnis. Hunde-Regeln: Aufgrund unserer Platzkapazit\u00e4t und Infrastruktur sind nur kleinere Hunde erlaubt, die unter dem Tisch liegen k\u00f6nnen. In unserem Restaurant [&hellip;]\" \/>\n<meta property=\"og:url\" content=\"https:\/\/www.krone-cham.ch\/index.php\/reservierung\/\" \/>\n<meta property=\"og:site_name\" content=\"Gasthaus Krone | italienisches Restaurant in Cham ganz in der N\u00e4he von Zug.\" \/>\n<meta property=\"article:modified_time\" content=\"2026-05-02T07:56:54+00:00\" \/>\n<meta name=\"twitter:card\" content=\"summary_large_image\" \/>\n<meta name=\"twitter:label1\" content=\"Gesch\u00e4tzte Lesezeit\" \/>\n\t<meta name=\"twitter:data1\" content=\"1\u00a0Minute\" \/>\n<script type=\"application\/ld+json\" class=\"yoast-schema-graph\">{\"@context\":\"https:\\\/\\\/schema.org\",\"@graph\":[{\"@type\":\"WebPage\",\"@id\":\"https:\\\/\\\/www.krone-cham.ch\\\/index.php\\\/reservierung\\\/\",\"url\":\"https:\\\/\\\/www.krone-cham.ch\\\/index.php\\\/reservierung\\\/\",\"name\":\"reservierung - Gasthaus Krone | italienisches Restaurant in Cham ganz in der N\u00e4he von Zug.\",\"isPartOf\":{\"@id\":\"https:\\\/\\\/www.krone-cham.ch\\\/#website\"},\"datePublished\":\"2021-04-16T07:47:24+00:00\",\"dateModified\":\"2026-05-02T07:56:54+00:00\",\"breadcrumb\":{\"@id\":\"https:\\\/\\\/www.krone-cham.ch\\\/index.php\\\/reservierung\\\/#breadcrumb\"},\"inLanguage\":\"de-CH\",\"potentialAction\":[{\"@type\":\"ReadAction\",\"target\":[\"https:\\\/\\\/www.krone-cham.ch\\\/index.php\\\/reservierung\\\/\"]}]},{\"@type\":\"BreadcrumbList\",\"@id\":\"https:\\\/\\\/www.krone-cham.ch\\\/index.php\\\/reservierung\\\/#breadcrumb\",\"itemListElement\":[{\"@type\":\"ListItem\",\"position\":1,\"name\":\"Home\",\"item\":\"https:\\\/\\\/www.krone-cham.ch\\\/\"},{\"@type\":\"ListItem\",\"position\":2,\"name\":\"reservierung\"}]},{\"@type\":\"WebSite\",\"@id\":\"https:\\\/\\\/www.krone-cham.ch\\\/#website\",\"url\":\"https:\\\/\\\/www.krone-cham.ch\\\/\",\"name\":\"Gasthaus Krone | italienisches Restaurant in Cham ganz in der N\u00e4he von Zug.\",\"description\":\"Italienischer Genuss f\u00fcr Ihren Businesslunch, romantische Abende oder Familientreffen.\",\"potentialAction\":[{\"@type\":\"SearchAction\",\"target\":{\"@type\":\"EntryPoint\",\"urlTemplate\":\"https:\\\/\\\/www.krone-cham.ch\\\/?s={search_term_string}\"},\"query-input\":{\"@type\":\"PropertyValueSpecification\",\"valueRequired\":true,\"valueName\":\"search_term_string\"}}],\"inLanguage\":\"de-CH\"}]}<\/script>\n<!-- \/ Yoast SEO plugin. -->","yoast_head_json":{"title":"reservierung - Gasthaus Krone | italienisches Restaurant in Cham ganz in der N\u00e4he von Zug.","robots":{"index":"index","follow":"follow","max-snippet":"max-snippet:-1","max-image-preview":"max-image-preview:large","max-video-preview":"max-video-preview:-1"},"canonical":"https:\/\/www.krone-cham.ch\/index.php\/reservierung\/","og_locale":"de_DE","og_type":"article","og_title":"reservierung - Gasthaus Krone | italienisches Restaurant in Cham ganz in der N\u00e4he von Zug.","og_description":"Reservieren Tisch Gruppenreservationen: Aus Kapazit\u00e4tsgr\u00fcnden sind Gruppenreservationen nur limitiert m\u00f6glich: Dienstag, Mittwoch und Donnerstag bis max. 12 Personen Freitag und Samstag bis max. 10 Personen Men\u00fcvorbestellung ab 10 Personen zwingend Besten Dank f\u00fcr Ihr Verst\u00e4ndnis. Hunde-Regeln: Aufgrund unserer Platzkapazit\u00e4t und Infrastruktur sind nur kleinere Hunde erlaubt, die unter dem Tisch liegen k\u00f6nnen. In unserem Restaurant [&hellip;]","og_url":"https:\/\/www.krone-cham.ch\/index.php\/reservierung\/","og_site_name":"Gasthaus Krone | italienisches Restaurant in Cham ganz in der N\u00e4he von Zug.","article_modified_time":"2026-05-02T07:56:54+00:00","twitter_card":"summary_large_image","twitter_misc":{"Gesch\u00e4tzte Lesezeit":"1\u00a0Minute"},"schema":{"@context":"https:\/\/schema.org","@graph":[{"@type":"WebPage","@id":"https:\/\/www.krone-cham.ch\/index.php\/reservierung\/","url":"https:\/\/www.krone-cham.ch\/index.php\/reservierung\/","name":"reservierung - Gasthaus Krone | italienisches Restaurant in Cham ganz in der N\u00e4he von Zug.","isPartOf":{"@id":"https:\/\/www.krone-cham.ch\/#website"},"datePublished":"2021-04-16T07:47:24+00:00","dateModified":"2026-05-02T07:56:54+00:00","breadcrumb":{"@id":"https:\/\/www.krone-cham.ch\/index.php\/reservierung\/#breadcrumb"},"inLanguage":"de-CH","potentialAction":[{"@type":"ReadAction","target":["https:\/\/www.krone-cham.ch\/index.php\/reservierung\/"]}]},{"@type":"BreadcrumbList","@id":"https:\/\/www.krone-cham.ch\/index.php\/reservierung\/#breadcrumb","itemListElement":[{"@type":"ListItem","position":1,"name":"Home","item":"https:\/\/www.krone-cham.ch\/"},{"@type":"ListItem","position":2,"name":"reservierung"}]},{"@type":"WebSite","@id":"https:\/\/www.krone-cham.ch\/#website","url":"https:\/\/www.krone-cham.ch\/","name":"Gasthaus Krone | italienisches Restaurant in Cham ganz in der N\u00e4he von Zug.","description":"Italienischer Genuss f\u00fcr Ihren Businesslunch, romantische Abende oder Familientreffen.","potentialAction":[{"@type":"SearchAction","target":{"@type":"EntryPoint","urlTemplate":"https:\/\/www.krone-cham.ch\/?s={search_term_string}"},"query-input":{"@type":"PropertyValueSpecification","valueRequired":true,"valueName":"search_term_string"}}],"inLanguage":"de-CH"}]}},"_links":{"self":[{"href":"https:\/\/www.krone-cham.ch\/index.php\/wp-json\/wp\/v2\/pages\/2145","targetHints":{"allow":["GET"]}}],"collection":[{"href":"https:\/\/www.krone-cham.ch\/index.php\/wp-json\/wp\/v2\/pages"}],"about":[{"href":"https:\/\/www.krone-cham.ch\/index.php\/wp-json\/wp\/v2\/types\/page"}],"author":[{"embeddable":true,"href":"https:\/\/www.krone-cham.ch\/index.php\/wp-json\/wp\/v2\/users\/1"}],"replies":[{"embeddable":true,"href":"https:\/\/www.krone-cham.ch\/index.php\/wp-json\/wp\/v2\/comments?post=2145"}],"version-history":[{"count":116,"href":"https:\/\/www.krone-cham.ch\/index.php\/wp-json\/wp\/v2\/pages\/2145\/revisions"}],"predecessor-version":[{"id":2740,"href":"https:\/\/www.krone-cham.ch\/index.php\/wp-json\/wp\/v2\/pages\/2145\/revisions\/2740"}],"wp:attachment":[{"href":"https:\/\/www.krone-cham.ch\/index.php\/wp-json\/wp\/v2\/media?parent=2145"}],"curies":[{"name":"wp","href":"https:\/\/api.w.org\/{rel}","templated":true}]}}